{"id":1107,"date":"2016-10-23T18:58:55","date_gmt":"2016-10-23T18:58:55","guid":{"rendered":"http:\/\/classiccar-art.nl\/?page_id=1107&#038;lang=de"},"modified":"2019-11-26T17:27:45","modified_gmt":"2019-11-26T17:27:45","slug":"unique","status":"publish","type":"page","link":"https:\/\/classiccar-art.nl\/de\/unique\/","title":{"rendered":"Einzigartig"},"content":{"rendered":"<p>[et_pb_section fb_built=&#8220;1&#8243; fullwidth=&#8220;on&#8220; admin_label=&#8220;Section&#8220; _builder_version=&#8220;3.22&#8243;][et_pb_fullwidth_slider admin_label=&#8220;Fullwidth Slider&#8220; _builder_version=&#8220;3.16&#8243; custom_padding=&#8220;|||&#8220; custom_padding_tablet=&#8220;|||&#8220; custom_padding_phone=&#8220;|||&#8220; auto=&#8220;on&#8220; auto_speed=&#8220;6500&#8243; box_shadow_style=&#8220;preset6&#8243; box_shadow_blur=&#8220;10px&#8220; box_shadow_color=&#8220;rgba(0,0,0,0.1)&#8220; remove_inner_shadow=&#8220;off&#8220; hide_content_on_mobile=&#8220;off&#8220; hide_cta_on_mobile=&#8220;off&#8220; show_inner_shadow=&#8220;on&#8220; button_letter_spacing_hover=&#8220;0&#8243; button_text_size__hover_enabled=&#8220;off&#8220; button_one_text_size__hover_enabled=&#8220;off&#8220; button_two_text_size__hover_enabled=&#8220;off&#8220; button_text_color__hover_enabled=&#8220;off&#8220; button_one_text_color__hover_enabled=&#8220;off&#8220; button_two_text_color__hover_enabled=&#8220;off&#8220; button_border_width__hover_enabled=&#8220;off&#8220; button_one_border_width__hover_enabled=&#8220;off&#8220; button_two_border_width__hover_enabled=&#8220;off&#8220; button_border_color__hover_enabled=&#8220;off&#8220; button_one_border_color__hover_enabled=&#8220;off&#8220; button_two_border_color__hover_enabled=&#8220;off&#8220; button_border_radius__hover_enabled=&#8220;off&#8220; button_one_border_radius__hover_enabled=&#8220;off&#8220; button_two_border_radius__hover_enabled=&#8220;off&#8220; button_letter_spacing__hover_enabled=&#8220;on&#8220; button_letter_spacing__hover=&#8220;0&#8243; button_one_letter_spacing__hover_enabled=&#8220;off&#8220; button_two_letter_spacing__hover_enabled=&#8220;off&#8220; button_bg_color__hover_enabled=&#8220;off&#8220; button_one_bg_color__hover_enabled=&#8220;off&#8220; button_two_bg_color__hover_enabled=&#8220;off&#8220;][et_pb_slide heading=&#8220;Einzigartige Kunstwerke mit Ihrem eigenen Auto oder Portr\u00e4t&#8220; use_bg_overlay=&#8220;off&#8220; use_text_overlay=&#8220;on&#8220; _builder_version=&#8220;3.16&#8243; header_font=&#8220;Open Sans Condensed||||&#8220; header_font_size=&#8220;72&#8243; body_font=&#8220;||||&#8220; background_color=&#8220;#ffffff&#8220; background_image=&#8220;https:\/\/classiccar-art.nl\/wp-content\/uploads\/2016\/10\/Concour-dElegance-1.jpg&#8220; button_icon_placement=&#8220;right&#8220; button_on_hover=&#8220;on&#8220; header_font_size_tablet=&#8220;52&#8243; header_font_size_phone=&#8220;36&#8243; header_font_size_last_edited=&#8220;on|phone&#8220; button_text_size__hover_enabled=&#8220;off&#8220; button_one_text_size__hover_enabled=&#8220;off&#8220; button_two_text_size__hover_enabled=&#8220;off&#8220; button_text_color__hover_enabled=&#8220;off&#8220; button_one_text_color__hover_enabled=&#8220;off&#8220; button_two_text_color__hover_enabled=&#8220;off&#8220; button_border_width__hover_enabled=&#8220;off&#8220; button_one_border_width__hover_enabled=&#8220;off&#8220; button_two_border_width__hover_enabled=&#8220;off&#8220; button_border_color__hover_enabled=&#8220;off&#8220; button_one_border_color__hover_enabled=&#8220;off&#8220; button_two_border_color__hover_enabled=&#8220;off&#8220; button_border_radius__hover_enabled=&#8220;off&#8220; button_one_border_radius__hover_enabled=&#8220;off&#8220; button_two_border_radius__hover_enabled=&#8220;off&#8220; button_letter_spacing__hover_enabled=&#8220;off&#8220; button_one_letter_spacing__hover_enabled=&#8220;off&#8220; button_two_letter_spacing__hover_enabled=&#8220;off&#8220; button_bg_color__hover_enabled=&#8220;off&#8220; button_one_bg_color__hover_enabled=&#8220;off&#8220; button_two_bg_color__hover_enabled=&#8220;off&#8220;] [\/et_pb_slide][et_pb_slide heading=&#8220;Ein pers\u00f6nliches und bleibendes Geschenk&#8220; use_bg_overlay=&#8220;off&#8220; use_text_overlay=&#8220;on&#8220; _builder_version=&#8220;3.16&#8243; header_font=&#8220;Open Sans Condensed||||&#8220; header_font_size=&#8220;72&#8243; body_font=&#8220;||||&#8220; background_color=&#8220;#ffffff&#8220; background_image=&#8220;https:\/\/classiccar-art.nl\/wp-content\/uploads\/2016\/10\/NicoAaldering.jpg&#8220; button_icon_placement=&#8220;right&#8220; button_on_hover=&#8220;on&#8220; header_font_size_tablet=&#8220;52&#8243; header_font_size_phone=&#8220;36&#8243; header_font_size_last_edited=&#8220;on|phone&#8220; button_text_size__hover_enabled=&#8220;off&#8220; button_one_text_size__hover_enabled=&#8220;off&#8220; button_two_text_size__hover_enabled=&#8220;off&#8220; button_text_color__hover_enabled=&#8220;off&#8220; button_one_text_color__hover_enabled=&#8220;off&#8220; button_two_text_color__hover_enabled=&#8220;off&#8220; button_border_width__hover_enabled=&#8220;off&#8220; button_one_border_width__hover_enabled=&#8220;off&#8220; button_two_border_width__hover_enabled=&#8220;off&#8220; button_border_color__hover_enabled=&#8220;off&#8220; button_one_border_color__hover_enabled=&#8220;off&#8220; button_two_border_color__hover_enabled=&#8220;off&#8220; button_border_radius__hover_enabled=&#8220;off&#8220; button_one_border_radius__hover_enabled=&#8220;off&#8220; button_two_border_radius__hover_enabled=&#8220;off&#8220; button_letter_spacing__hover_enabled=&#8220;off&#8220; button_one_letter_spacing__hover_enabled=&#8220;off&#8220; button_two_letter_spacing__hover_enabled=&#8220;off&#8220; button_bg_color__hover_enabled=&#8220;off&#8220; button_one_bg_color__hover_enabled=&#8220;off&#8220; button_two_bg_color__hover_enabled=&#8220;off&#8220;] [\/et_pb_slide][et_pb_slide heading=&#8220;Fragen Sie nach den unendlichen M\u00f6glichkeiten!&#8220; use_bg_overlay=&#8220;off&#8220; use_text_overlay=&#8220;on&#8220; _builder_version=&#8220;3.16&#8243; header_font=&#8220;Open Sans Condensed||||&#8220; header_font_size=&#8220;72&#8243; body_font=&#8220;||||&#8220; background_color=&#8220;#ffffff&#8220; background_image=&#8220;https:\/\/classiccar-art.nl\/wp-content\/uploads\/2016\/10\/Uniek-Voorbeeld.jpg&#8220; button_icon_placement=&#8220;right&#8220; button_on_hover=&#8220;on&#8220; header_font_size_tablet=&#8220;52&#8243; header_font_size_phone=&#8220;36&#8243; header_font_size_last_edited=&#8220;on|phone&#8220; button_text_size__hover_enabled=&#8220;off&#8220; button_one_text_size__hover_enabled=&#8220;off&#8220; button_two_text_size__hover_enabled=&#8220;off&#8220; button_text_color__hover_enabled=&#8220;off&#8220; button_one_text_color__hover_enabled=&#8220;off&#8220; button_two_text_color__hover_enabled=&#8220;off&#8220; button_border_width__hover_enabled=&#8220;off&#8220; button_one_border_width__hover_enabled=&#8220;off&#8220; button_two_border_width__hover_enabled=&#8220;off&#8220; button_border_color__hover_enabled=&#8220;off&#8220; button_one_border_color__hover_enabled=&#8220;off&#8220; button_two_border_color__hover_enabled=&#8220;off&#8220; button_border_radius__hover_enabled=&#8220;off&#8220; button_one_border_radius__hover_enabled=&#8220;off&#8220; button_two_border_radius__hover_enabled=&#8220;off&#8220; button_letter_spacing__hover_enabled=&#8220;off&#8220; button_one_letter_spacing__hover_enabled=&#8220;off&#8220; button_two_letter_spacing__hover_enabled=&#8220;off&#8220; button_bg_color__hover_enabled=&#8220;off&#8220; button_one_bg_color__hover_enabled=&#8220;off&#8220; button_two_bg_color__hover_enabled=&#8220;off&#8220;] [\/et_pb_slide][\/et_pb_fullwidth_slider][\/et_pb_section][et_pb_section fb_built=&#8220;1&#8243; custom_padding_last_edited=&#8220;on|desktop&#8220; admin_label=&#8220;Section&#8220; _builder_version=&#8220;3.22&#8243; background_color=&#8220;#54576b&#8220; custom_padding_tablet=&#8220;50px|0|50px|0&#8243; custom_padding_phone=&#8220;&#8220; transparent_background=&#8220;off&#8220; padding_mobile=&#8220;off&#8220;][et_pb_row admin_label=&#8220;Row&#8220; _builder_version=&#8220;3.25&#8243; background_size=&#8220;initial&#8220; background_position=&#8220;top_left&#8220; background_repeat=&#8220;repeat&#8220;][et_pb_column type=&#8220;4_4&#8243; _builder_version=&#8220;3.25&#8243; custom_padding=&#8220;|||&#8220; custom_padding__hover=&#8220;|||&#8220;][et_pb_text admin_label=&#8220;Header &#8211; Uniek&#8220; _builder_version=&#8220;4.0.3&#8243; text_font=&#8220;Open Sans Condensed||||&#8220; text_font_size=&#8220;30&#8243; text_line_height=&#8220;1.1em&#8220; header_font=&#8220;Open Sans Condensed||||&#8220; header_font_size=&#8220;40&#8243; background_size=&#8220;initial&#8220; background_position=&#8220;top_left&#8220; background_repeat=&#8220;repeat&#8220; text_orientation=&#8220;center&#8220; background_layout=&#8220;dark&#8220; module_alignment=&#8220;center&#8220; custom_margin=&#8220;-50px|||&#8220; use_border_color=&#8220;off&#8220; border_color=&#8220;#ffffff&#8220; border_style=&#8220;solid&#8220;]Ein einzigartiges Kunstwerk mit Ihrem eigenen Auto, Ihrem Portrait oder Erg\u00e4nzungen und \u00c4nderungen bestehender Kunstwerke sind m\u00f6glich!<br \/>\n[\/et_pb_text][et_pb_text admin_label=&#8220;Text&#8220; _builder_version=&#8220;3.27.4&#8243; background_size=&#8220;initial&#8220; background_position=&#8220;top_left&#8220; background_repeat=&#8220;repeat&#8220; text_orientation=&#8220;center&#8220; background_layout=&#8220;dark&#8220; module_alignment=&#8220;center&#8220; use_border_color=&#8220;off&#8220; border_color=&#8220;#ffffff&#8220; border_style=&#8220;solid&#8220;]<\/p>\n<div id=\"block-block-8\" class=\"block block-block block-8 block-block-8 odd block-without-title\">\n<div class=\"block-inner clearfix\">\n<div class=\"content clearfix\">\n<p>Beseits nummerierten und signierten Gicl\u00e9es in einer Limited oder Exclusive Edition ist es auch m\u00f6glich, ein einzigartiges und pers\u00f6nliches Werk zu schaffen, das Ihre Geschichte erz\u00e4hlt.<br \/>\nBei der Bestellung eines pers\u00f6nlichen Kunstwerks bestimmen Sie die Gr\u00f6\u00dfe und das Material, auf dem die Leinwand gedruckt wird. Das Kunstwerk kann auch mit einer sch\u00f6nen Galerieliste versehen werden. Um diesen Kunstwerk zu produzieren, m\u00f6chte ich im Voraus zu Ihnen kommen, um Ihre Geschichte zu h\u00f6ren und Fotos zu machen. Bevor die Leinwand gedruckt wird, sehen Sie sie selbstverst\u00e4ndlich erstmal das Kunstwerk wird mit gro\u00dfer Sorgfalt und Hingabe gemacht und bildet so ein sch\u00f6nes Geschenk f\u00fcr Ihre Beziehungen oder eine wertvolle Erinnerung f\u00fcr sich. F\u00fcr weitere Informationen \u00fcber meine Methode und die Kosten k\u00f6nnen Sie mich anrufen oder eine E-Mail an mich senden: 06 -55 70 88 30\/0411 68 28 71 &#8211; martin@classiccar-art.com<\/p>\n<\/div>\n<\/div>\n<\/div>\n<p>[\/et_pb_text][et_pb_blurb title=&#8220;Cadillac &#8211; Nico Aaldering&#8220; image=&#8220;https:\/\/classiccar-art.nl\/wp-content\/uploads\/2016\/10\/Cadillac_Aaldering.jpg&#8220; admin_label=&#8220;Nico&#8220; _builder_version=&#8220;4.0.3&#8243; header_font_size=&#8220;24&#8243; background_size=&#8220;initial&#8220; background_position=&#8220;top_left&#8220; background_repeat=&#8220;repeat&#8220; background_layout=&#8220;dark&#8220; animation=&#8220;off&#8220; hover_enabled=&#8220;0&#8243; use_border_color=&#8220;off&#8220; border_color=&#8220;#ffffff&#8220; border_style=&#8220;solid&#8220;]Beispiel einer einzigartiges Kunstwerk: Das Portr\u00e4t von Nico Aaldering aus der Galerie Aaldering in Brummen in Kombination mit einem sch\u00f6nen Cadillac aus dem Jahr 1934.<br \/>\n[\/et_pb_blurb][et_pb_blurb title=&#8220;BMW 327 &#8211; 1937&#8243; image=&#8220;https:\/\/classiccar-art.nl\/wp-content\/uploads\/2016\/10\/BMW327_Preview2.jpg&#8220; admin_label=&#8220;BMW&#8220; _builder_version=&#8220;4.0.3&#8243; header_font_size=&#8220;24&#8243; background_size=&#8220;initial&#8220; background_position=&#8220;top_left&#8220; background_repeat=&#8220;repeat&#8220; background_layout=&#8220;dark&#8220; animation=&#8220;off&#8220; use_border_color=&#8220;off&#8220; border_color=&#8220;#ffffff&#8220; border_style=&#8220;solid&#8220;]Einzigartiges Kunstwerk des BMW 327 Cabrio auf Bestellung.<br \/>\n[\/et_pb_blurb][et_pb_blurb title=&#8220;Akustische Classiccar-Art Platte&#8220; image=&#8220;https:\/\/classiccar-art.nl\/wp-content\/uploads\/2019\/01\/Elmech_Akoestisch-Paneel.jpg&#8220; admin_label=&#8220;Akoestisch paneel&#8220; _builder_version=&#8220;4.0.3&#8243; header_font_size=&#8220;24&#8243; background_size=&#8220;initial&#8220; background_position=&#8220;top_left&#8220; background_repeat=&#8220;repeat&#8220; background_layout=&#8220;dark&#8220; animation=&#8220;off&#8220; use_border_color=&#8220;off&#8220; border_color=&#8220;#ffffff&#8220; border_style=&#8220;solid&#8220;]Wundersch\u00f6ne Collage aus Oldtimerkunst, gedruckt auf Akustikmaterial mit schalld\u00e4mpfender Wirkung. Ideal f\u00fcr ein B\u00fcro, eine Halle oder einen Besprechungsraum. Format: 6 x 2 Meter![\/et_pb_blurb][\/et_pb_column][\/et_pb_row][\/et_pb_section]<\/p>\n","protected":false},"excerpt":{"rendered":"<p>Ein einzigartiges Kunstwerk mit Ihrem eigenen Auto, Ihrem Portrait oder Erg\u00e4nzungen und \u00c4nderungen bestehender Kunstwerke sind m\u00f6glich! Beseits nummerierten und signierten Gicl\u00e9es in einer Limited oder Exclusive Edition ist es auch m\u00f6glich, ein einzigartiges und pers\u00f6nliches Werk zu schaffen, das Ihre Geschichte erz\u00e4hlt. Bei der Bestellung eines pers\u00f6nlichen Kunstwerks bestimmen Sie die Gr\u00f6\u00dfe und das [&hellip;]<\/p>\n","protected":false},"author":3,"featured_media":0,"parent":0,"menu_order":0,"comment_status":"closed","ping_status":"closed","template":"","meta":{"_et_pb_use_builder":"on","_et_pb_old_content":"","_et_gb_content_width":"","footnotes":""},"class_list":["post-1107","page","type-page","status-publish","hentry"],"yoast_head":"<!-- This site is optimized with the Yoast SEO plugin v27.4 - https:\/\/yoast.com\/product\/yoast-seo-wordpress\/ -->\n<title>Einzigartig - Classic Car Art<\/title>\n<meta name=\"robots\" content=\"index, follow, max-snippet:-1, max-image-preview:large, max-video-preview:-1\" \/>\n<link rel=\"canonical\" href=\"https:\/\/classiccar-art.nl\/unieke-werken\/\" \/>\n<meta property=\"og:locale\" content=\"de_DE\" \/>\n<meta property=\"og:type\" content=\"article\" \/>\n<meta property=\"og:title\" content=\"Einzigartig - Classic Car Art\" \/>\n<meta property=\"og:description\" content=\"Ein einzigartiges Kunstwerk mit Ihrem eigenen Auto, Ihrem Portrait oder Erg\u00e4nzungen und \u00c4nderungen bestehender Kunstwerke sind m\u00f6glich! Beseits nummerierten und signierten Gicl\u00e9es in einer Limited oder Exclusive Edition ist es auch m\u00f6glich, ein einzigartiges und pers\u00f6nliches Werk zu schaffen, das Ihre Geschichte erz\u00e4hlt. Bei der Bestellung eines pers\u00f6nlichen Kunstwerks bestimmen Sie die Gr\u00f6\u00dfe und das [&hellip;]\" \/>\n<meta property=\"og:url\" content=\"https:\/\/classiccar-art.nl\/unieke-werken\/\" \/>\n<meta property=\"og:site_name\" content=\"Classic Car Art\" \/>\n<meta property=\"article:modified_time\" content=\"2019-11-26T17:27:45+00:00\" \/>\n<meta name=\"twitter:card\" content=\"summary_large_image\" \/>\n<meta name=\"twitter:label1\" content=\"Gesch\u00e4tzte Lesezeit\" \/>\n\t<meta name=\"twitter:data1\" content=\"7\u00a0Minuten\" \/>\n<script type=\"application\/ld+json\" class=\"yoast-schema-graph\">{\"@context\":\"https:\\\/\\\/schema.org\",\"@graph\":[{\"@type\":\"WebPage\",\"@id\":\"https:\\\/\\\/classiccar-art.nl\\\/unieke-werken\\\/\",\"url\":\"https:\\\/\\\/classiccar-art.nl\\\/unieke-werken\\\/\",\"name\":\"Einzigartig - Classic Car Art\",\"isPartOf\":{\"@id\":\"https:\\\/\\\/classiccar-art.nl\\\/#website\"},\"datePublished\":\"2016-10-23T18:58:55+00:00\",\"dateModified\":\"2019-11-26T17:27:45+00:00\",\"breadcrumb\":{\"@id\":\"https:\\\/\\\/classiccar-art.nl\\\/unieke-werken\\\/#breadcrumb\"},\"inLanguage\":\"de\",\"potentialAction\":[{\"@type\":\"ReadAction\",\"target\":[\"https:\\\/\\\/classiccar-art.nl\\\/unieke-werken\\\/\"]}]},{\"@type\":\"BreadcrumbList\",\"@id\":\"https:\\\/\\\/classiccar-art.nl\\\/unieke-werken\\\/#breadcrumb\",\"itemListElement\":[{\"@type\":\"ListItem\",\"position\":1,\"name\":\"Home\",\"item\":\"https:\\\/\\\/classiccar-art.nl\\\/\"},{\"@type\":\"ListItem\",\"position\":2,\"name\":\"Einzigartig\"}]},{\"@type\":\"WebSite\",\"@id\":\"https:\\\/\\\/classiccar-art.nl\\\/#website\",\"url\":\"https:\\\/\\\/classiccar-art.nl\\\/\",\"name\":\"Classic Car Art\",\"description\":\"Dynamisches klassisches Auto Kunst\",\"potentialAction\":[{\"@type\":\"SearchAction\",\"target\":{\"@type\":\"EntryPoint\",\"urlTemplate\":\"https:\\\/\\\/classiccar-art.nl\\\/?s={search_term_string}\"},\"query-input\":{\"@type\":\"PropertyValueSpecification\",\"valueRequired\":true,\"valueName\":\"search_term_string\"}}],\"inLanguage\":\"de\"}]}<\/script>\n<!-- \/ Yoast SEO plugin. -->","yoast_head_json":{"title":"Einzigartig - Classic Car Art","robots":{"index":"index","follow":"follow","max-snippet":"max-snippet:-1","max-image-preview":"max-image-preview:large","max-video-preview":"max-video-preview:-1"},"canonical":"https:\/\/classiccar-art.nl\/unieke-werken\/","og_locale":"de_DE","og_type":"article","og_title":"Einzigartig - Classic Car Art","og_description":"Ein einzigartiges Kunstwerk mit Ihrem eigenen Auto, Ihrem Portrait oder Erg\u00e4nzungen und \u00c4nderungen bestehender Kunstwerke sind m\u00f6glich! Beseits nummerierten und signierten Gicl\u00e9es in einer Limited oder Exclusive Edition ist es auch m\u00f6glich, ein einzigartiges und pers\u00f6nliches Werk zu schaffen, das Ihre Geschichte erz\u00e4hlt. Bei der Bestellung eines pers\u00f6nlichen Kunstwerks bestimmen Sie die Gr\u00f6\u00dfe und das [&hellip;]","og_url":"https:\/\/classiccar-art.nl\/unieke-werken\/","og_site_name":"Classic Car Art","article_modified_time":"2019-11-26T17:27:45+00:00","twitter_card":"summary_large_image","twitter_misc":{"Gesch\u00e4tzte Lesezeit":"7\u00a0Minuten"},"schema":{"@context":"https:\/\/schema.org","@graph":[{"@type":"WebPage","@id":"https:\/\/classiccar-art.nl\/unieke-werken\/","url":"https:\/\/classiccar-art.nl\/unieke-werken\/","name":"Einzigartig - Classic Car Art","isPartOf":{"@id":"https:\/\/classiccar-art.nl\/#website"},"datePublished":"2016-10-23T18:58:55+00:00","dateModified":"2019-11-26T17:27:45+00:00","breadcrumb":{"@id":"https:\/\/classiccar-art.nl\/unieke-werken\/#breadcrumb"},"inLanguage":"de","potentialAction":[{"@type":"ReadAction","target":["https:\/\/classiccar-art.nl\/unieke-werken\/"]}]},{"@type":"BreadcrumbList","@id":"https:\/\/classiccar-art.nl\/unieke-werken\/#breadcrumb","itemListElement":[{"@type":"ListItem","position":1,"name":"Home","item":"https:\/\/classiccar-art.nl\/"},{"@type":"ListItem","position":2,"name":"Einzigartig"}]},{"@type":"WebSite","@id":"https:\/\/classiccar-art.nl\/#website","url":"https:\/\/classiccar-art.nl\/","name":"Classic Car Art","description":"Dynamisches klassisches Auto Kunst","potentialAction":[{"@type":"SearchAction","target":{"@type":"EntryPoint","urlTemplate":"https:\/\/classiccar-art.nl\/?s={search_term_string}"},"query-input":{"@type":"PropertyValueSpecification","valueRequired":true,"valueName":"search_term_string"}}],"inLanguage":"de"}]}},"_links":{"self":[{"href":"https:\/\/classiccar-art.nl\/de\/wp-json\/wp\/v2\/pages\/1107","targetHints":{"allow":["GET"]}}],"collection":[{"href":"https:\/\/classiccar-art.nl\/de\/wp-json\/wp\/v2\/pages"}],"about":[{"href":"https:\/\/classiccar-art.nl\/de\/wp-json\/wp\/v2\/types\/page"}],"author":[{"embeddable":true,"href":"https:\/\/classiccar-art.nl\/de\/wp-json\/wp\/v2\/users\/3"}],"replies":[{"embeddable":true,"href":"https:\/\/classiccar-art.nl\/de\/wp-json\/wp\/v2\/comments?post=1107"}],"version-history":[{"count":5,"href":"https:\/\/classiccar-art.nl\/de\/wp-json\/wp\/v2\/pages\/1107\/revisions"}],"predecessor-version":[{"id":7286,"href":"https:\/\/classiccar-art.nl\/de\/wp-json\/wp\/v2\/pages\/1107\/revisions\/7286"}],"wp:attachment":[{"href":"https:\/\/classiccar-art.nl\/de\/wp-json\/wp\/v2\/media?parent=1107"}],"curies":[{"name":"wp","href":"https:\/\/api.w.org\/{rel}","templated":true}]}}