{"id":1476,"date":"2016-10-18T14:58:38","date_gmt":"2016-10-18T14:58:38","guid":{"rendered":"http:\/\/classiccar-art.nl\/product\/volvo-p1800s-white-1961-2\/"},"modified":"2024-07-08T06:57:23","modified_gmt":"2024-07-08T04:57:23","slug":"volvo-p1800s-white-1961-2","status":"publish","type":"product","link":"https:\/\/classiccar-art.nl\/de\/product\/volvo-p1800s-white-1961-2\/","title":{"rendered":"Volvo P1800S &#8211; White (1961)"},"content":{"rendered":"<p>Gicl\u00e9e-Druck auf Leinwand\u00a0(4.5cm Rahmen einschlie\u00dflich Befestigungsdraht &#8211; oder -winkel) oder auf Aluminium \/ Dibond (mit 3 Millimeter poliertem Acrylglas) einschlie\u00dflich Befestigungsprofil. Optional k\u00f6nnen Sie einen exklusiveren Produkt\u00a0w\u00e4hlen, indem Sie einen exklusiven Holzrahmen w\u00e4hlen. Diese Option ist nur in Kombination mit Leinwand m\u00f6glich. Neu ist die HD-Metall-Option. Ein hochwertiger Druck auf Metallplatte, die in einem Ofen erhitzt wird. Aus diesem Grund ist das Kunstwerk kratz- und witterungsbest\u00e4ndig mit einer gleich hohen Glanz- und Farbintensit\u00e4t wie Dibond \/ Acrylglas. Ideal f\u00fcr den Au\u00dfenbereich und eine sch\u00f6ne Dekoration f\u00fcr Ihren Garten oder Terrasse.<\/p>\n<p><img loading=\"lazy\" decoding=\"async\" class=\"alignnone size-medium wp-image-1892\" src=\"http:\/\/classiccar-art.nl\/wp-content\/uploads\/2016\/10\/BaklijstCCA-600-300x199.jpg\" alt=\"baklijstcca-600\" width=\"300\" height=\"199\" \/><\/p>\n<p><em>Detail des luxuri\u00f6sen wei\u00dfen Holzrahmen.<\/em><\/p>\n","protected":false},"excerpt":{"rendered":"<p>&nbsp;<\/p>\n<p>Von Pelle Petterson entworfen, der seinerzeit f\u00fcr das italienische Frua arbeitete. Der P1800 war der zweite Versuch von Volvo, sich auf dem Sportwagenmarkt zu etablieren. Der erste Versuch &#8211; der P1900 \u2013 war ein Reinfall. Ein wei\u00dfer P1800 S mit dem Kennzeichen ST-1 (Simon Templar 1) wurde in den 60er Jahren in der erfolgreichen Fernsehserie &#8218;The Saint&#8216;, mit Roger Moore als Simon Templar in der Hauptrolle, eingesetzt.<\/p>\n","protected":false},"featured_media":978,"comment_status":"open","ping_status":"closed","template":"","meta":{"_et_pb_use_builder":"","_et_pb_old_content":"","_et_gb_content_width":""},"product_brand":[],"product_cat":[18],"product_tag":[],"class_list":{"0":"post-1476","1":"product","2":"type-product","3":"status-publish","4":"has-post-thumbnail","6":"product_cat-limitierte-auflage","8":"first","9":"instock","10":"sale","11":"shipping-taxable","12":"purchasable","13":"product-type-variable","14":"has-default-attributes"},"yoast_head":"<!-- This site is optimized with the Yoast SEO plugin v27.4 - https:\/\/yoast.com\/product\/yoast-seo-wordpress\/ -->\n<title>Volvo P1800S - White (1961) - Classic Car Art<\/title>\n<meta name=\"robots\" content=\"index, follow, max-snippet:-1, max-image-preview:large, max-video-preview:-1\" \/>\n<link rel=\"canonical\" href=\"https:\/\/classiccar-art.nl\/de\/product\/volvo-p1800s-white-1961-2\/\" \/>\n<meta property=\"og:locale\" content=\"de_DE\" \/>\n<meta property=\"og:type\" content=\"article\" \/>\n<meta property=\"og:title\" content=\"Volvo P1800S - White (1961) - Classic Car Art\" \/>\n<meta property=\"og:description\" content=\"&nbsp;  Von Pelle Petterson entworfen, der seinerzeit f\u00fcr das italienische Frua arbeitete. Der P1800 war der zweite Versuch von Volvo, sich auf dem Sportwagenmarkt zu etablieren. Der erste Versuch - der P1900 \u2013 war ein Reinfall. Ein wei\u00dfer P1800 S mit dem Kennzeichen ST-1 (Simon Templar 1) wurde in den 60er Jahren in der erfolgreichen Fernsehserie &#039;The Saint&#039;, mit Roger Moore als Simon Templar in der Hauptrolle, eingesetzt.\" \/>\n<meta property=\"og:url\" content=\"https:\/\/classiccar-art.nl\/de\/product\/volvo-p1800s-white-1961-2\/\" \/>\n<meta property=\"og:site_name\" content=\"Classic Car Art\" \/>\n<meta property=\"article:modified_time\" content=\"2024-07-08T04:57:23+00:00\" \/>\n<meta property=\"og:image\" content=\"https:\/\/classiccar-art.nl\/wp-content\/uploads\/2016\/10\/P1800_White.png\" \/>\n\t<meta property=\"og:image:width\" content=\"880\" \/>\n\t<meta property=\"og:image:height\" content=\"880\" \/>\n\t<meta property=\"og:image:type\" content=\"image\/png\" \/>\n<meta name=\"twitter:card\" content=\"summary_large_image\" \/>\n<meta name=\"twitter:label1\" content=\"Gesch\u00e4tzte Lesezeit\" \/>\n\t<meta name=\"twitter:data1\" content=\"1\u00a0Minute\" \/>\n<script type=\"application\/ld+json\" class=\"yoast-schema-graph\">{\"@context\":\"https:\\\/\\\/schema.org\",\"@graph\":[{\"@type\":\"WebPage\",\"@id\":\"https:\\\/\\\/classiccar-art.nl\\\/de\\\/product\\\/volvo-p1800s-white-1961-2\\\/\",\"url\":\"https:\\\/\\\/classiccar-art.nl\\\/de\\\/product\\\/volvo-p1800s-white-1961-2\\\/\",\"name\":\"Volvo P1800S - White (1961) - Classic Car Art\",\"isPartOf\":{\"@id\":\"https:\\\/\\\/classiccar-art.nl\\\/#website\"},\"primaryImageOfPage\":{\"@id\":\"https:\\\/\\\/classiccar-art.nl\\\/de\\\/product\\\/volvo-p1800s-white-1961-2\\\/#primaryimage\"},\"image\":{\"@id\":\"https:\\\/\\\/classiccar-art.nl\\\/de\\\/product\\\/volvo-p1800s-white-1961-2\\\/#primaryimage\"},\"thumbnailUrl\":\"https:\\\/\\\/classiccar-art.nl\\\/wp-content\\\/uploads\\\/2016\\\/10\\\/P1800_White.png\",\"datePublished\":\"2016-10-18T14:58:38+00:00\",\"dateModified\":\"2024-07-08T04:57:23+00:00\",\"breadcrumb\":{\"@id\":\"https:\\\/\\\/classiccar-art.nl\\\/de\\\/product\\\/volvo-p1800s-white-1961-2\\\/#breadcrumb\"},\"inLanguage\":\"de\",\"potentialAction\":[{\"@type\":\"ReadAction\",\"target\":[\"https:\\\/\\\/classiccar-art.nl\\\/de\\\/product\\\/volvo-p1800s-white-1961-2\\\/\"]}]},{\"@type\":\"ImageObject\",\"inLanguage\":\"de\",\"@id\":\"https:\\\/\\\/classiccar-art.nl\\\/de\\\/product\\\/volvo-p1800s-white-1961-2\\\/#primaryimage\",\"url\":\"https:\\\/\\\/classiccar-art.nl\\\/wp-content\\\/uploads\\\/2016\\\/10\\\/P1800_White.png\",\"contentUrl\":\"https:\\\/\\\/classiccar-art.nl\\\/wp-content\\\/uploads\\\/2016\\\/10\\\/P1800_White.png\",\"width\":880,\"height\":880},{\"@type\":\"BreadcrumbList\",\"@id\":\"https:\\\/\\\/classiccar-art.nl\\\/de\\\/product\\\/volvo-p1800s-white-1961-2\\\/#breadcrumb\",\"itemListElement\":[{\"@type\":\"ListItem\",\"position\":1,\"name\":\"Home\",\"item\":\"https:\\\/\\\/classiccar-art.nl\\\/\"},{\"@type\":\"ListItem\",\"position\":2,\"name\":\"Home\",\"item\":\"https:\\\/\\\/classiccar-art.nl\\\/\"},{\"@type\":\"ListItem\",\"position\":3,\"name\":\"Volvo P1800S &#8211; White (1961)\"}]},{\"@type\":\"WebSite\",\"@id\":\"https:\\\/\\\/classiccar-art.nl\\\/#website\",\"url\":\"https:\\\/\\\/classiccar-art.nl\\\/\",\"name\":\"Classic Car Art\",\"description\":\"Dynamisches klassisches Auto Kunst\",\"potentialAction\":[{\"@type\":\"SearchAction\",\"target\":{\"@type\":\"EntryPoint\",\"urlTemplate\":\"https:\\\/\\\/classiccar-art.nl\\\/?s={search_term_string}\"},\"query-input\":{\"@type\":\"PropertyValueSpecification\",\"valueRequired\":true,\"valueName\":\"search_term_string\"}}],\"inLanguage\":\"de\"}]}<\/script>\n<!-- \/ Yoast SEO plugin. -->","yoast_head_json":{"title":"Volvo P1800S - White (1961) - Classic Car Art","robots":{"index":"index","follow":"follow","max-snippet":"max-snippet:-1","max-image-preview":"max-image-preview:large","max-video-preview":"max-video-preview:-1"},"canonical":"https:\/\/classiccar-art.nl\/de\/product\/volvo-p1800s-white-1961-2\/","og_locale":"de_DE","og_type":"article","og_title":"Volvo P1800S - White (1961) - Classic Car Art","og_description":"&nbsp;  Von Pelle Petterson entworfen, der seinerzeit f\u00fcr das italienische Frua arbeitete. Der P1800 war der zweite Versuch von Volvo, sich auf dem Sportwagenmarkt zu etablieren. Der erste Versuch - der P1900 \u2013 war ein Reinfall. Ein wei\u00dfer P1800 S mit dem Kennzeichen ST-1 (Simon Templar 1) wurde in den 60er Jahren in der erfolgreichen Fernsehserie 'The Saint', mit Roger Moore als Simon Templar in der Hauptrolle, eingesetzt.","og_url":"https:\/\/classiccar-art.nl\/de\/product\/volvo-p1800s-white-1961-2\/","og_site_name":"Classic Car Art","article_modified_time":"2024-07-08T04:57:23+00:00","og_image":[{"width":880,"height":880,"url":"https:\/\/classiccar-art.nl\/wp-content\/uploads\/2016\/10\/P1800_White.png","type":"image\/png"}],"twitter_card":"summary_large_image","twitter_misc":{"Gesch\u00e4tzte Lesezeit":"1\u00a0Minute"},"schema":{"@context":"https:\/\/schema.org","@graph":[{"@type":"WebPage","@id":"https:\/\/classiccar-art.nl\/de\/product\/volvo-p1800s-white-1961-2\/","url":"https:\/\/classiccar-art.nl\/de\/product\/volvo-p1800s-white-1961-2\/","name":"Volvo P1800S - White (1961) - Classic Car Art","isPartOf":{"@id":"https:\/\/classiccar-art.nl\/#website"},"primaryImageOfPage":{"@id":"https:\/\/classiccar-art.nl\/de\/product\/volvo-p1800s-white-1961-2\/#primaryimage"},"image":{"@id":"https:\/\/classiccar-art.nl\/de\/product\/volvo-p1800s-white-1961-2\/#primaryimage"},"thumbnailUrl":"https:\/\/classiccar-art.nl\/wp-content\/uploads\/2016\/10\/P1800_White.png","datePublished":"2016-10-18T14:58:38+00:00","dateModified":"2024-07-08T04:57:23+00:00","breadcrumb":{"@id":"https:\/\/classiccar-art.nl\/de\/product\/volvo-p1800s-white-1961-2\/#breadcrumb"},"inLanguage":"de","potentialAction":[{"@type":"ReadAction","target":["https:\/\/classiccar-art.nl\/de\/product\/volvo-p1800s-white-1961-2\/"]}]},{"@type":"ImageObject","inLanguage":"de","@id":"https:\/\/classiccar-art.nl\/de\/product\/volvo-p1800s-white-1961-2\/#primaryimage","url":"https:\/\/classiccar-art.nl\/wp-content\/uploads\/2016\/10\/P1800_White.png","contentUrl":"https:\/\/classiccar-art.nl\/wp-content\/uploads\/2016\/10\/P1800_White.png","width":880,"height":880},{"@type":"BreadcrumbList","@id":"https:\/\/classiccar-art.nl\/de\/product\/volvo-p1800s-white-1961-2\/#breadcrumb","itemListElement":[{"@type":"ListItem","position":1,"name":"Home","item":"https:\/\/classiccar-art.nl\/"},{"@type":"ListItem","position":2,"name":"Home","item":"https:\/\/classiccar-art.nl\/"},{"@type":"ListItem","position":3,"name":"Volvo P1800S &#8211; White (1961)"}]},{"@type":"WebSite","@id":"https:\/\/classiccar-art.nl\/#website","url":"https:\/\/classiccar-art.nl\/","name":"Classic Car Art","description":"Dynamisches klassisches Auto Kunst","potentialAction":[{"@type":"SearchAction","target":{"@type":"EntryPoint","urlTemplate":"https:\/\/classiccar-art.nl\/?s={search_term_string}"},"query-input":{"@type":"PropertyValueSpecification","valueRequired":true,"valueName":"search_term_string"}}],"inLanguage":"de"}]}},"_links":{"self":[{"href":"https:\/\/classiccar-art.nl\/de\/wp-json\/wp\/v2\/product\/1476","targetHints":{"allow":["GET"]}}],"collection":[{"href":"https:\/\/classiccar-art.nl\/de\/wp-json\/wp\/v2\/product"}],"about":[{"href":"https:\/\/classiccar-art.nl\/de\/wp-json\/wp\/v2\/types\/product"}],"replies":[{"embeddable":true,"href":"https:\/\/classiccar-art.nl\/de\/wp-json\/wp\/v2\/comments?post=1476"}],"wp:featuredmedia":[{"embeddable":true,"href":"https:\/\/classiccar-art.nl\/de\/wp-json\/wp\/v2\/media\/978"}],"wp:attachment":[{"href":"https:\/\/classiccar-art.nl\/de\/wp-json\/wp\/v2\/media?parent=1476"}],"wp:term":[{"taxonomy":"product_brand","embeddable":true,"href":"https:\/\/classiccar-art.nl\/de\/wp-json\/wp\/v2\/product_brand?post=1476"},{"taxonomy":"product_cat","embeddable":true,"href":"https:\/\/classiccar-art.nl\/de\/wp-json\/wp\/v2\/product_cat?post=1476"},{"taxonomy":"product_tag","embeddable":true,"href":"https:\/\/classiccar-art.nl\/de\/wp-json\/wp\/v2\/product_tag?post=1476"}],"curies":[{"name":"wp","href":"https:\/\/api.w.org\/{rel}","templated":true}]}}